{"id":943,"date":"2020-10-20T19:35:25","date_gmt":"2020-10-20T22:35:25","guid":{"rendered":"https:\/\/delimaesilva.adv.br\/?page_id=943"},"modified":"2020-11-17T19:07:33","modified_gmt":"2020-11-17T22:07:33","slug":"politica-de-privacidade","status":"publish","type":"page","link":"https:\/\/milkmidia.com\/delimaesilva\/politica-de-privacidade\/","title":{"rendered":"Pol\u00edtica de privacidade"},"content":{"rendered":"\t\t<div data-elementor-type=\"wp-page\" data-elementor-id=\"943\" class=\"elementor elementor-943\">\n\t\t\t\t\t\t\t\t\t<section class=\"elementor-section elementor-top-section elementor-element elementor-element-c4c2012 elementor-section-full_width elementor-section-height-default elementor-section-height-default\" data-id=\"c4c2012\" data-element_type=\"section\" data-settings=\"{&quot;background_background&quot;:&quot;classic&quot;}\">\n\t\t\t\t\t\t<div class=\"elementor-container elementor-column-gap-default\">\n\t\t\t\t\t<div class=\"elementor-column elementor-col-100 elementor-top-column elementor-element elementor-element-5bcdd28\" data-id=\"5bcdd28\" data-element_type=\"column\">\n\t\t\t<div class=\"elementor-widget-wrap\">\n\t\t\t\t\t\t\t\t\t<\/div>\n\t\t<\/div>\n\t\t\t\t\t\t\t<\/div>\n\t\t<\/section>\n\t\t\t\t<section class=\"elementor-section elementor-top-section elementor-element elementor-element-19968769 elementor-section-boxed elementor-section-height-default elementor-section-height-default\" data-id=\"19968769\" data-element_type=\"section\">\n\t\t\t\t\t\t<div class=\"elementor-container elementor-column-gap-default\">\n\t\t\t\t\t<div class=\"elementor-column elementor-col-100 elementor-top-column elementor-element elementor-element-245c381e\" data-id=\"245c381e\" data-element_type=\"column\">\n\t\t\t<div class=\"elementor-widget-wrap elementor-element-populated\">\n\t\t\t\t\t\t\t\t<div class=\"elementor-element elementor-element-3a4a8d0 elementor-widget elementor-widget-text-editor\" data-id=\"3a4a8d0\" data-element_type=\"widget\" data-widget_type=\"text-editor.default\">\n\t\t\t\t<div class=\"elementor-widget-container\">\n\t\t\t<style>\/*! elementor - v3.12.2 - 23-04-2023 *\/\n.elementor-widget-text-editor.elementor-drop-cap-view-stacked .elementor-drop-cap{background-color:#69727d;color:#fff}.elementor-widget-text-editor.elementor-drop-cap-view-framed .elementor-drop-cap{color:#69727d;border:3px solid;background-color:transparent}.elementor-widget-text-editor:not(.elementor-drop-cap-view-default) .elementor-drop-cap{margin-top:8px}.elementor-widget-text-editor:not(.elementor-drop-cap-view-default) .elementor-drop-cap-letter{width:1em;height:1em}.elementor-widget-text-editor .elementor-drop-cap{float:left;text-align:center;line-height:1;font-size:50px}.elementor-widget-text-editor .elementor-drop-cap-letter{display:inline-block}<\/style>\t\t\t\t<!-- wp:paragraph -->\n<p><strong>POL\u00cdTICA DE PRIVACIDADE<\/strong><\/p>\n<!-- \/wp:paragraph -->\n\n<!-- wp:paragraph -->\n<p>A Pol\u00edtica de Privacidade do De Lima e Silva Advocacia visa preservar a seguran\u00e7a dos dados pessoais de nossos usu\u00e1rios garantindo-lhes transpar\u00eancia em rela\u00e7\u00e3o \u00e0s atividades de tratamento de dados por n\u00f3s realizadas. Com isso, toda e qualquer informa\u00e7\u00e3o encaminhada por usu\u00e1rios ser\u00e1 protegida segundo padr\u00f5es r\u00edgidos de confidencialidade e apenas utilizada para a finalidade \u00e0 qual foi coletada.<\/p>\n<!-- \/wp:paragraph -->\n\n<!-- wp:paragraph -->\n<p>As informa\u00e7\u00f5es contidas nessa Pol\u00edtica de Privacidade podem ser alteradas a qualquer momento, sem aviso pr\u00e9vio. Em persistindo qualquer d\u00favida ou coment\u00e1rio sobre os termos a seguir, favor nos contatar pelo e-mail <a href=\"mailto:roberta@delimaesilva.adv.br\">roberta@delimaesilva.adv.br<\/a>.<\/p>\n<!-- \/wp:paragraph -->\n\n<!-- wp:paragraph -->\n<p><strong>QUEM SOMOS<\/strong><\/p>\n<!-- \/wp:paragraph -->\n\n<!-- wp:paragraph -->\n<p><strong>Roberta De Lima e Silva &#8211; Sociedade Individual de Advocacia<\/strong>, inscrita no CNPJ sob o n\u00ba 38.659.799\/0001-03, registrada na Ordem dos Advogados do Brasil (OAB) \u00e0s fls. 206\/208 do Livro n\u00ba 320 de Registro de Sociedade de Advogados sob o n\u00ba 34989 e sediada \u00e0 Rua Sergipe, n\u00ba 401, Conjunto 401 \u2013 Consola\u00e7\u00e3o, S\u00e3o Paulo\/SP (CEP 01243-906).<\/p>\n<!-- \/wp:paragraph -->\n\n<!-- wp:paragraph -->\n<p><strong>1. DEFINI\u00c7\u00d5ES<\/strong><\/p>\n<!-- \/wp:paragraph -->\n\n<!-- wp:paragraph -->\n<p>Para fins desta Pol\u00edtica de Privacidade, aplicam-se as seguintes defini\u00e7\u00f5es:<\/p>\n<!-- \/wp:paragraph -->\n\n<!-- wp:list -->\n<ul><li><strong>Site\/Portal<\/strong>: designa o endere\u00e7o eletr\u00f4nico <a href=\"https:\/\/milkmidia.com\/delimaesilva\">https:\/\/milkmidia.com\/delimaesilva<\/a>, seus subdom\u00ednios e demais dom\u00ednios direcionados ao site da De Lima e Silva Advocacia.<\/li><\/ul>\n<!-- \/wp:list -->\n\n<!-- wp:list -->\n<ul><li><strong>Clientes\/Visitantes\/Usu\u00e1rios<\/strong>: pessoas f\u00edsicas naturais ou jur\u00eddicas legalmente constitu\u00eddas que visitem o site da De Lima e Silva Advocacia.<\/li><\/ul>\n<!-- \/wp:list -->\n\n<!-- wp:list -->\n<ul><li><strong><em>Cookies<\/em><\/strong>: pequenos arquivos de texto enviados pelo servidor do site para o computador ou, ainda, para outro dispositivo de acesso \u00e0 Internet utilizado pelos usu\u00e1rios. Possuem a finalidade de identificar o navegador e obter dados de acesso, armazenando informa\u00e7\u00f5es ou configura\u00e7\u00f5es, como p\u00e1ginas navegadas ou links acessados, permitindo-se, desta forma, personalizar a navega\u00e7\u00e3o dos usu\u00e1rios em nosso site.<\/li><\/ul>\n<!-- \/wp:list -->\n\n<!-- wp:list -->\n<ul><li><strong><em>Web Beacons<\/em><\/strong>: esp\u00e9cie de cookies, s\u00e3o utilizados para transmitir informa\u00e7\u00f5es de acesso a um servidor web para monitorar sua visita ao nosso site.<\/li><\/ul>\n<!-- \/wp:list -->\n\n<!-- wp:paragraph -->\n<p><strong>2. COLETA E USO DAS INFORMA\u00c7\u00d5ES<\/strong><\/p>\n<!-- \/wp:paragraph -->\n\n<!-- wp:paragraph -->\n<p><strong>2.1. Navega\u00e7\u00e3o e coleta de dados<\/strong><\/p>\n<!-- \/wp:paragraph -->\n\n<!-- wp:paragraph -->\n<p>A visita\u00e7\u00e3o ao site do De Lima e Silva Advocacia \u00e9 an\u00f4nima, sendo poss\u00edvel visualizar a maioria das informa\u00e7\u00f5es dispon\u00edveis sem identifica\u00e7\u00e3o, contudo o s\u00edtio eletr\u00f4nico utiliza <em>cookies<\/em> com a finalidade de permitir o seu correto e seguro funcionamento, identificar o \u00faltimo idioma utilizado pelo navegador do usu\u00e1rio e gerar estat\u00edsticas sobre a intera\u00e7\u00e3o entre os usu\u00e1rios e nosso site, como local de acesso e tempo de navega\u00e7\u00e3o. Todos os dados pessoais coletados por meio de <em>cookies<\/em> s\u00e3o tratados conforme o leg\u00edtimo interesse do escrit\u00f3rio de proporcionar aos usu\u00e1rios um ambiente eletr\u00f4nico funcional, seguro e personalizado.<\/p>\n<!-- \/wp:paragraph -->\n\n<!-- wp:paragraph -->\n<p>O De Lima e Silva Advocacia n\u00e3o divulga os dados pessoais fornecidos por usu\u00e1rios, mas poder\u00e1 us\u00e1-los para circula\u00e7\u00e3o de boletins, <em>newsletters<\/em> e informativos sobre nossas atividades ou, ainda, para outras atividades promocionais e finalidades que visem a atender nosso leg\u00edtimo interesse.<\/p>\n<!-- \/wp:paragraph -->\n\n<!-- wp:paragraph -->\n<p><strong>2.2. Informa\u00e7\u00f5es coletadas automaticamente<\/strong><\/p>\n<!-- \/wp:paragraph -->\n\n<!-- wp:paragraph -->\n<p>Ao acessar nosso site, o De Lima e Silva Advocacia poder\u00e1 coletar determinadas informa\u00e7\u00f5es por meios automatizados, tais como <em>cookies<\/em>, <em>web beacons<\/em> e outros dispositivos automatizados. Tamb\u00e9m poder\u00e1 usar ferramentas de an\u00e1lise de sites fornecidos por terceiros, tais como <em>Google Analytics<\/em> e <em>Facebook Insights<\/em>, a fim de coletar informa\u00e7\u00f5es sobre o tr\u00e1fego de visitantes em nosso site.<\/p>\n<!-- \/wp:paragraph -->\n\n<!-- wp:paragraph -->\n<p>As informa\u00e7\u00f5es que o De Lima e Silva Advocacia pode recolher por meios automatizados incluem (<strong>i<\/strong>) as informa\u00e7\u00f5es sobre os dispositivos que nossos visitantes usam para acessar a Internet, como o endere\u00e7o de IP e o dispositivo, navegador; (<strong>ii<\/strong>) nomes de dom\u00ednio e tipo de sistema operacional; (<strong>iii<\/strong>) URLs que direcionam visitantes \u00e0 nossa p\u00e1gina; (<strong>iv<\/strong>) datas e hor\u00e1rios de visita ao nosso site; (<strong>v<\/strong>) localiza\u00e7\u00e3o geogr\u00e1fica geral (como pa\u00eds e cidade) dos visitantes; (<strong>vi<\/strong>) informa\u00e7\u00f5es sobre as a\u00e7\u00f5es realizadas em nosso site; (<strong>vii<\/strong>) os termos de pesquisa que os visitantes utilizaram para atingir nosso site; e (<strong>viii<\/strong>) a p\u00e1gina que o levou para nosso site.<\/p>\n<!-- \/wp:paragraph -->\n\n<!-- wp:paragraph -->\n<p>Seu navegador de Internet permite que voc\u00ea desabilite os <em>cookies<\/em> em \u201cop\u00e7\u00f5es\u201d ou \u201cconfigura\u00e7\u00f5es\u201d. Algumas ferramentas que o usu\u00e1rio venha a possuir em seu computador, como programas antiv\u00edrus, podem apresentar recursos semelhantes \u00e0 sua disposi\u00e7\u00e3o.<\/p>\n<!-- \/wp:paragraph -->\n\n<!-- wp:paragraph -->\n<p><strong>3. ARMAZENAMENTO E TRATAMENTO DE DADOS<\/strong><\/p>\n<!-- \/wp:paragraph -->\n\n<!-- wp:paragraph -->\n<p>No que diz respeito \u00e0s atividades de tratamento de dados pessoais mencionadas nesta Pol\u00edtica de Privacidade, o De Lima e Silva Advocacia qualifica-se, \u00e0 luz da Lei Geral de Prote\u00e7\u00e3o de Dados, como controlador, de modo que o usu\u00e1rio que deseje obter informa\u00e7\u00f5es, esclarecer d\u00favidas ou exercer os direitos previstos em lei dever\u00e1 entrar em contato pelo endere\u00e7o de e-mail ora fornecido, podendo solicitar, na qualidade de titular de dados pessoais (<strong>i<\/strong>) a confirma\u00e7\u00e3o da exist\u00eancia de tratamento de seus dados pessoais; (<strong>ii<\/strong>) o acesso aos seus dados; (<strong>iii<\/strong>) a anonimiza\u00e7\u00e3o, bloqueio ou elimina\u00e7\u00e3o de seus dados que sejam desnecess\u00e1rios, excessivos, ou tratados em desconformidade com o disposto na legisla\u00e7\u00e3o aplic\u00e1vel; (<strong>iv<\/strong>) a portabilidade dos seus dados a outro prestador de servi\u00e7os, de acordo com a regulamenta\u00e7\u00e3o da Autoridade Nacional de Prote\u00e7\u00e3o de Dados &#8211; ANPD, observados os segredos comercial e industrial; (<strong>v<\/strong>) a elimina\u00e7\u00e3o dos seus dados pessoais, exceto nas hip\u00f3teses previstas na legisla\u00e7\u00e3o aplic\u00e1vel; (<strong>vi<\/strong>) a informa\u00e7\u00e3o das entidades p\u00fablicas e privadas com as quais o De Lima e Silva Advocacia compartilhou seus dados; (<strong>vii<\/strong>) a informa\u00e7\u00e3o sobre a possibilidade de n\u00e3o fornecer seu consentimento e sobre as consequ\u00eancias da negativa; (<strong>viii<\/strong>) a revoga\u00e7\u00e3o do seu consentimento, resguardado o interesse p\u00fablico que possa justificar a continuidade do tratamento ou a exist\u00eancia de outra base legal que autorize; e (<strong>ix<\/strong>) oposi\u00e7\u00e3o a qualquer tratamento de dados pessoais com fundamento em uma das hip\u00f3teses em que o consentimento \u00e9 dispensado, desde que tenha ocorrido o descumprimento ao disposto na legisla\u00e7\u00e3o aplic\u00e1vel e resguardado o interesse p\u00fablico que possa justificar a continuidade do tratamento.<\/p>\n<!-- \/wp:paragraph -->\n\n<!-- wp:paragraph -->\n<p>O De Lima e Silva Advocacia tamb\u00e9m poder\u00e1 compartilhar suas informa\u00e7\u00f5es de identifica\u00e7\u00e3o pessoal para outra entidade (<strong>i<\/strong>) para fins de terceirizar uma ou mais das fun\u00e7\u00f5es descritas na se\u00e7\u00e3o; (<strong>ii<\/strong>) para confirmar ou atualizar as informa\u00e7\u00f5es fornecidas por voc\u00ea; (<strong>iii<\/strong>) para inform\u00e1-lo sobre eventos, informa\u00e7\u00f5es sobre nossos servi\u00e7os e outras informa\u00e7\u00f5es importantes.<\/p>\n<!-- \/wp:paragraph -->\n\n<!-- wp:paragraph -->\n<p><strong>4. LIGA\u00c7\u00d5ES PARA SITES DE TERCEIROS<\/strong><\/p>\n<!-- \/wp:paragraph -->\n\n<!-- wp:paragraph -->\n<p>Esse site pode possuir <em>links<\/em> para s\u00edtios eletr\u00f4nicos de terceiros, de modo que o De Lima e Silva Advocacia n\u00e3o se responsabiliza pela Pol\u00edtica de Privacidade de tais sites, cujos termos devem ser lidos e aceitos pelo usu\u00e1rio.<\/p>\n<!-- \/wp:paragraph -->\n\n<!-- wp:paragraph -->\n<p><strong>5. ENVIO DE E-MAILS<\/strong><\/p>\n<!-- \/wp:paragraph -->\n\n<!-- wp:paragraph -->\n<p>O De Lima e Silva Advocacia enviar\u00e1 e-mails somente aos usu\u00e1rios que solicitem contato pelos <em>links<\/em> disponibilizados em nosso site ou via redes sociais, configurando autoriza\u00e7\u00e3o expressa para recebimento de mensagens eletr\u00f4nicas.<\/p>\n<!-- \/wp:paragraph -->\n\n<!-- wp:paragraph -->\n<p>Caso o usu\u00e1rio opte por n\u00e3o mais receber nossas comunica\u00e7\u00f5es, basta solicitar o descadastramento ao e-mail de contato ora fornecido.<\/p>\n<!-- \/wp:paragraph -->\n\n<!-- wp:paragraph -->\n<p><strong>6. DISPOSI\u00c7\u00d5ES GERAIS, LEGISLA\u00c7\u00c3O APLIC\u00c1VEL E FORO DE ELEI\u00c7\u00c3O<\/strong><\/p>\n<!-- \/wp:paragraph -->\n\n<!-- wp:paragraph -->\n<p>As disposi\u00e7\u00f5es constantes desta Pol\u00edtica de Privacidade poder\u00e3o ser atualizadas ou modificadas a qualquer momento. O ato de navegar por nosso site implica a aceita\u00e7\u00e3o das nossas pol\u00edticas.<\/p>\n<!-- \/wp:paragraph -->\n\n<!-- wp:paragraph -->\n<p>A presente Pol\u00edtica de Privacidade ser\u00e1 interpretada de acordo com a legisla\u00e7\u00e3o brasileira, seguindo o idioma portugu\u00eas falado e escrito no Brasil. Para dirimir qualquer lit\u00edgio, quest\u00e3o ou d\u00favida superveniente, fica eleito o Foro Central da Comarca da cidade de S\u00e3o Paulo, no Estado de S\u00e3o Paulo, com expressa ren\u00fancia de qualquer outro, por mais privilegiado que seja.<strong><\/strong><\/p>\n<!-- \/wp:paragraph -->\t\t\t\t\t\t<\/div>\n\t\t\t\t<\/div>\n\t\t\t\t\t<\/div>\n\t\t<\/div>\n\t\t\t\t\t\t\t<\/div>\n\t\t<\/section>\n\t\t\t\t\t\t\t<\/div>\n\t\t","protected":false},"excerpt":{"rendered":"<p>&nbsp; POL\u00cdTICA DE PRIVACIDADE A Pol\u00edtica de Privacidade do De Lima e Silva Advocacia visa preservar a seguran\u00e7a dos dados pessoais de nossos usu\u00e1rios garantindo-lhes transpar\u00eancia em rela\u00e7\u00e3o \u00e0s atividades de tratamento de dados por n\u00f3s realizadas. Com isso, toda e qualquer informa\u00e7\u00e3o encaminhada por usu\u00e1rios ser\u00e1 protegida segundo padr\u00f5es r\u00edgidos de confidencialidade e apenas [&hellip;]<\/p>\n","protected":false},"author":1,"featured_media":0,"parent":0,"menu_order":0,"comment_status":"closed","ping_status":"closed","template":"full-width.php","meta":[],"_links":{"self":[{"href":"https:\/\/milkmidia.com\/delimaesilva\/wp-json\/wp\/v2\/pages\/943"}],"collection":[{"href":"https:\/\/milkmidia.com\/delimaesilva\/wp-json\/wp\/v2\/pages"}],"about":[{"href":"https:\/\/milkmidia.com\/delimaesilva\/wp-json\/wp\/v2\/types\/page"}],"author":[{"embeddable":true,"href":"https:\/\/milkmidia.com\/delimaesilva\/wp-json\/wp\/v2\/users\/1"}],"replies":[{"embeddable":true,"href":"https:\/\/milkmidia.com\/delimaesilva\/wp-json\/wp\/v2\/comments?post=943"}],"version-history":[{"count":0,"href":"https:\/\/milkmidia.com\/delimaesilva\/wp-json\/wp\/v2\/pages\/943\/revisions"}],"wp:attachment":[{"href":"https:\/\/milkmidia.com\/delimaesilva\/wp-json\/wp\/v2\/media?parent=943"}],"curies":[{"name":"wp","href":"https:\/\/api.w.org\/{rel}","templated":true}]}}